{"id":5254,"date":"2024-08-14T15:40:58","date_gmt":"2024-08-14T13:40:58","guid":{"rendered":"https:\/\/britishmotors.it\/finanziamenti-personalizzati\/"},"modified":"2024-08-14T15:41:05","modified_gmt":"2024-08-14T13:41:05","slug":"finanziamenti-personalizzati","status":"publish","type":"page","link":"https:\/\/britishmotors.it\/en\/finanziamenti-personalizzati\/","title":{"rendered":"Finanziamenti Personalizzati"},"content":{"rendered":"<p>British Motors SRL a partire dal 2024 \u00e8 diventata partner con la societ\u00e0 Businness Service SRL che da oltre 40 anni opera nel settore leasing e finanziamenti appoggiandosi alle migliori realt\u00e0 bancarie sul territorio nazionale.<br \/>\nPertanto abbiamo la possibilit\u00e0, previo documentazione necessarie e relativa approvazione, di poter finanziare la vostra autovettura nuova\/usata\/d&#8217;epoca e realizzare cosi il vostro sogno.<br \/>\nNon esitate a contattarci per qualsiasi informazione in merito a preventivi e autovetture disponibili.<\/p>\n","protected":false},"excerpt":{"rendered":"<p>British Motors SRL a partire dal 2024 \u00e8 diventata partner con la societ\u00e0 Businness Service SRL che da oltre 40 anni opera nel settore leasing e finanziamenti appoggiandosi alle migliori realt\u00e0 bancarie sul territorio nazionale. Pertanto abbiamo la possibilit\u00e0, previo documentazione necessarie e relativa approvazione, di poter finanziare la vostra autovettura nuova\/usata\/d&#8217;epoca e realizzare cosi [&hellip;]<\/p>\n","protected":false},"author":2,"featured_media":0,"parent":0,"menu_order":0,"comment_status":"closed","ping_status":"closed","template":"","meta":{"_acf_changed":false,"footnotes":""},"class_list":["post-5254","page","type-page","status-publish","hentry"],"acf":[],"yoast_head":"<!-- This site is optimized with the Yoast SEO plugin v27.4 - https:\/\/yoast.com\/product\/yoast-seo-wordpress\/ -->\n<title>Finanziamenti Personalizzati - British Motors<\/title>\n<meta name=\"robots\" content=\"index, follow, max-snippet:-1, max-image-preview:large, max-video-preview:-1\" \/>\n<link rel=\"canonical\" href=\"https:\/\/britishmotors.it\/en\/finanziamenti-personalizzati\/\" \/>\n<meta property=\"og:locale\" content=\"en_US\" \/>\n<meta property=\"og:type\" content=\"article\" \/>\n<meta property=\"og:title\" content=\"Finanziamenti Personalizzati - British Motors\" \/>\n<meta property=\"og:description\" content=\"British Motors SRL a partire dal 2024 \u00e8 diventata partner con la societ\u00e0 Businness Service SRL che da oltre 40 anni opera nel settore leasing e finanziamenti appoggiandosi alle migliori realt\u00e0 bancarie sul territorio nazionale. Pertanto abbiamo la possibilit\u00e0, previo documentazione necessarie e relativa approvazione, di poter finanziare la vostra autovettura nuova\/usata\/d&#8217;epoca e realizzare cosi [&hellip;]\" \/>\n<meta property=\"og:url\" content=\"https:\/\/britishmotors.it\/en\/finanziamenti-personalizzati\/\" \/>\n<meta property=\"og:site_name\" content=\"British Motors\" \/>\n<meta property=\"article:publisher\" content=\"https:\/\/www.facebook.com\/profile.php?id=100057389742332\" \/>\n<meta property=\"article:modified_time\" content=\"2024-08-14T13:41:05+00:00\" \/>\n<meta name=\"twitter:card\" content=\"summary_large_image\" \/>\n<meta name=\"twitter:label1\" content=\"Est. reading time\" \/>\n\t<meta name=\"twitter:data1\" content=\"1 minute\" \/>\n<script type=\"application\/ld+json\" class=\"yoast-schema-graph\">{\"@context\":\"https:\\\/\\\/schema.org\",\"@graph\":[{\"@type\":\"WebPage\",\"@id\":\"https:\\\/\\\/britishmotors.it\\\/en\\\/finanziamenti-personalizzati\\\/\",\"url\":\"https:\\\/\\\/britishmotors.it\\\/en\\\/finanziamenti-personalizzati\\\/\",\"name\":\"Finanziamenti Personalizzati - British Motors\",\"isPartOf\":{\"@id\":\"https:\\\/\\\/britishmotors.it\\\/en\\\/#website\"},\"datePublished\":\"2024-08-14T13:40:58+00:00\",\"dateModified\":\"2024-08-14T13:41:05+00:00\",\"breadcrumb\":{\"@id\":\"https:\\\/\\\/britishmotors.it\\\/en\\\/finanziamenti-personalizzati\\\/#breadcrumb\"},\"inLanguage\":\"en-US\",\"potentialAction\":[{\"@type\":\"ReadAction\",\"target\":[\"https:\\\/\\\/britishmotors.it\\\/en\\\/finanziamenti-personalizzati\\\/\"]}]},{\"@type\":\"BreadcrumbList\",\"@id\":\"https:\\\/\\\/britishmotors.it\\\/en\\\/finanziamenti-personalizzati\\\/#breadcrumb\",\"itemListElement\":[{\"@type\":\"ListItem\",\"position\":1,\"name\":\"Home\",\"item\":\"https:\\\/\\\/britishmotors.it\\\/en\\\/\"},{\"@type\":\"ListItem\",\"position\":2,\"name\":\"Finanziamenti Personalizzati\"}]},{\"@type\":\"WebSite\",\"@id\":\"https:\\\/\\\/britishmotors.it\\\/en\\\/#website\",\"url\":\"https:\\\/\\\/britishmotors.it\\\/en\\\/\",\"name\":\"British Motors\",\"description\":\"Rolls-Royce &amp; Bentley specialists\",\"publisher\":{\"@id\":\"https:\\\/\\\/britishmotors.it\\\/en\\\/#organization\"},\"potentialAction\":[{\"@type\":\"SearchAction\",\"target\":{\"@type\":\"EntryPoint\",\"urlTemplate\":\"https:\\\/\\\/britishmotors.it\\\/en\\\/?s={search_term_string}\"},\"query-input\":{\"@type\":\"PropertyValueSpecification\",\"valueRequired\":true,\"valueName\":\"search_term_string\"}}],\"inLanguage\":\"en-US\"},{\"@type\":\"Organization\",\"@id\":\"https:\\\/\\\/britishmotors.it\\\/en\\\/#organization\",\"name\":\"British Motors\",\"url\":\"https:\\\/\\\/britishmotors.it\\\/en\\\/\",\"logo\":{\"@type\":\"ImageObject\",\"inLanguage\":\"en-US\",\"@id\":\"https:\\\/\\\/britishmotors.it\\\/en\\\/#\\\/schema\\\/logo\\\/image\\\/\",\"url\":\"https:\\\/\\\/britishmotors.it\\\/assets\\\/uploads\\\/logo.png\",\"contentUrl\":\"https:\\\/\\\/britishmotors.it\\\/assets\\\/uploads\\\/logo.png\",\"width\":556,\"height\":136,\"caption\":\"British Motors\"},\"image\":{\"@id\":\"https:\\\/\\\/britishmotors.it\\\/en\\\/#\\\/schema\\\/logo\\\/image\\\/\"},\"sameAs\":[\"https:\\\/\\\/www.facebook.com\\\/profile.php?id=100057389742332\"]}]}<\/script>\n<!-- \/ Yoast SEO plugin. -->","yoast_head_json":{"title":"Finanziamenti Personalizzati - British Motors","robots":{"index":"index","follow":"follow","max-snippet":"max-snippet:-1","max-image-preview":"max-image-preview:large","max-video-preview":"max-video-preview:-1"},"canonical":"https:\/\/britishmotors.it\/en\/finanziamenti-personalizzati\/","og_locale":"en_US","og_type":"article","og_title":"Finanziamenti Personalizzati - British Motors","og_description":"British Motors SRL a partire dal 2024 \u00e8 diventata partner con la societ\u00e0 Businness Service SRL che da oltre 40 anni opera nel settore leasing e finanziamenti appoggiandosi alle migliori realt\u00e0 bancarie sul territorio nazionale. Pertanto abbiamo la possibilit\u00e0, previo documentazione necessarie e relativa approvazione, di poter finanziare la vostra autovettura nuova\/usata\/d&#8217;epoca e realizzare cosi [&hellip;]","og_url":"https:\/\/britishmotors.it\/en\/finanziamenti-personalizzati\/","og_site_name":"British Motors","article_publisher":"https:\/\/www.facebook.com\/profile.php?id=100057389742332","article_modified_time":"2024-08-14T13:41:05+00:00","twitter_card":"summary_large_image","twitter_misc":{"Est. reading time":"1 minute"},"schema":{"@context":"https:\/\/schema.org","@graph":[{"@type":"WebPage","@id":"https:\/\/britishmotors.it\/en\/finanziamenti-personalizzati\/","url":"https:\/\/britishmotors.it\/en\/finanziamenti-personalizzati\/","name":"Finanziamenti Personalizzati - British Motors","isPartOf":{"@id":"https:\/\/britishmotors.it\/en\/#website"},"datePublished":"2024-08-14T13:40:58+00:00","dateModified":"2024-08-14T13:41:05+00:00","breadcrumb":{"@id":"https:\/\/britishmotors.it\/en\/finanziamenti-personalizzati\/#breadcrumb"},"inLanguage":"en-US","potentialAction":[{"@type":"ReadAction","target":["https:\/\/britishmotors.it\/en\/finanziamenti-personalizzati\/"]}]},{"@type":"BreadcrumbList","@id":"https:\/\/britishmotors.it\/en\/finanziamenti-personalizzati\/#breadcrumb","itemListElement":[{"@type":"ListItem","position":1,"name":"Home","item":"https:\/\/britishmotors.it\/en\/"},{"@type":"ListItem","position":2,"name":"Finanziamenti Personalizzati"}]},{"@type":"WebSite","@id":"https:\/\/britishmotors.it\/en\/#website","url":"https:\/\/britishmotors.it\/en\/","name":"British Motors","description":"Rolls-Royce &amp; Bentley specialists","publisher":{"@id":"https:\/\/britishmotors.it\/en\/#organization"},"potentialAction":[{"@type":"SearchAction","target":{"@type":"EntryPoint","urlTemplate":"https:\/\/britishmotors.it\/en\/?s={search_term_string}"},"query-input":{"@type":"PropertyValueSpecification","valueRequired":true,"valueName":"search_term_string"}}],"inLanguage":"en-US"},{"@type":"Organization","@id":"https:\/\/britishmotors.it\/en\/#organization","name":"British Motors","url":"https:\/\/britishmotors.it\/en\/","logo":{"@type":"ImageObject","inLanguage":"en-US","@id":"https:\/\/britishmotors.it\/en\/#\/schema\/logo\/image\/","url":"https:\/\/britishmotors.it\/assets\/uploads\/logo.png","contentUrl":"https:\/\/britishmotors.it\/assets\/uploads\/logo.png","width":556,"height":136,"caption":"British Motors"},"image":{"@id":"https:\/\/britishmotors.it\/en\/#\/schema\/logo\/image\/"},"sameAs":["https:\/\/www.facebook.com\/profile.php?id=100057389742332"]}]}},"_links":{"self":[{"href":"https:\/\/britishmotors.it\/en\/wp-json\/wp\/v2\/pages\/5254","targetHints":{"allow":["GET"]}}],"collection":[{"href":"https:\/\/britishmotors.it\/en\/wp-json\/wp\/v2\/pages"}],"about":[{"href":"https:\/\/britishmotors.it\/en\/wp-json\/wp\/v2\/types\/page"}],"author":[{"embeddable":true,"href":"https:\/\/britishmotors.it\/en\/wp-json\/wp\/v2\/users\/2"}],"replies":[{"embeddable":true,"href":"https:\/\/britishmotors.it\/en\/wp-json\/wp\/v2\/comments?post=5254"}],"version-history":[{"count":1,"href":"https:\/\/britishmotors.it\/en\/wp-json\/wp\/v2\/pages\/5254\/revisions"}],"predecessor-version":[{"id":5255,"href":"https:\/\/britishmotors.it\/en\/wp-json\/wp\/v2\/pages\/5254\/revisions\/5255"}],"wp:attachment":[{"href":"https:\/\/britishmotors.it\/en\/wp-json\/wp\/v2\/media?parent=5254"}],"curies":[{"name":"wp","href":"https:\/\/api.w.org\/{rel}","templated":true}]}}